{"id":93,"date":"2015-08-14T10:15:05","date_gmt":"2015-08-14T10:15:05","guid":{"rendered":"http:\/\/www.gronlunds-orgelbyggeri.se\/?page_id=93"},"modified":"2019-03-04T14:36:44","modified_gmt":"2019-03-04T14:36:44","slug":"welcome-to-gronlunds","status":"publish","type":"page","link":"https:\/\/www.gronlunds-orgelbyggeri.se\/en\/","title":{"rendered":"Welcome to Gr\u00f6nlunds Orgelbyggeri"},"content":{"rendered":"<p class=\"p1\">Gr\u00f6nlunds orgelbyggeri i Gammelstad AB creates their organs from solid wood and metal. We have\u00a0experience\u00a0from different periods of organ building, to be part of the creation\u00a0of music for the eye, ear and the soul. We are highly passionate about our work and instruments, and it is a true pleasure to be a part of the musicality which is conveyed by the musicians to us listeners.<\/p>\n<p class=\"p1\">\n","protected":false},"excerpt":{"rendered":"<p>Gr\u00f6nlunds orgelbyggeri i Gammelstad AB creates their organs from solid wood and metal. We have\u00a0experience\u00a0from different periods of organ building, to be part of the creation\u00a0of music for the eye, ear and the soul. We are highly passionate about our &hellip; <a href=\"https:\/\/www.gronlunds-orgelbyggeri.se\/en\/\">Continued<\/a><\/p>\n","protected":false},"author":1,"featured_media":0,"parent":0,"menu_order":0,"comment_status":"closed","ping_status":"closed","template":"page-templates\/template-startsida.php","meta":{"footnotes":""},"class_list":["post-93","page","type-page","status-publish","hentry"],"yoast_head":"<!-- This site is optimized with the Yoast SEO plugin v23.6 - https:\/\/yoast.com\/wordpress\/plugins\/seo\/ -->\n<title>Welcome to Gr\u00f6nlunds Orgelbyggeri - Gr\u00f6nlunds Orgelbyggeri<\/title>\n<meta name=\"robots\" content=\"index, follow, max-snippet:-1, max-image-preview:large, max-video-preview:-1\" \/>\n<link rel=\"canonical\" href=\"https:\/\/www.gronlunds-orgelbyggeri.se\/en\/\" \/>\n<meta property=\"og:locale\" content=\"en_US\" \/>\n<meta property=\"og:type\" content=\"article\" \/>\n<meta property=\"og:title\" content=\"Welcome to Gr\u00f6nlunds Orgelbyggeri - Gr\u00f6nlunds Orgelbyggeri\" \/>\n<meta property=\"og:description\" content=\"Gr\u00f6nlunds orgelbyggeri i Gammelstad AB creates their organs from solid wood and metal. We have\u00a0experience\u00a0from different periods of organ building, to be part of the creation\u00a0of music for the eye, ear and the soul. We are highly passionate about our &hellip; Continued\" \/>\n<meta property=\"og:url\" content=\"https:\/\/www.gronlunds-orgelbyggeri.se\/en\/\" \/>\n<meta property=\"og:site_name\" content=\"Gr\u00f6nlunds Orgelbyggeri\" \/>\n<meta property=\"article:modified_time\" content=\"2019-03-04T14:36:44+00:00\" \/>\n<meta name=\"twitter:card\" content=\"summary_large_image\" \/>\n<script type=\"application\/ld+json\" class=\"yoast-schema-graph\">{\"@context\":\"https:\/\/schema.org\",\"@graph\":[{\"@type\":\"WebPage\",\"@id\":\"https:\/\/www.gronlunds-orgelbyggeri.se\/en\/\",\"url\":\"https:\/\/www.gronlunds-orgelbyggeri.se\/en\/\",\"name\":\"Welcome to Gr\u00f6nlunds Orgelbyggeri - Gr\u00f6nlunds Orgelbyggeri\",\"isPartOf\":{\"@id\":\"https:\/\/www.gronlunds-orgelbyggeri.se\/#website\"},\"datePublished\":\"2015-08-14T10:15:05+00:00\",\"dateModified\":\"2019-03-04T14:36:44+00:00\",\"breadcrumb\":{\"@id\":\"https:\/\/www.gronlunds-orgelbyggeri.se\/en\/#breadcrumb\"},\"inLanguage\":\"en-US\",\"potentialAction\":[{\"@type\":\"ReadAction\",\"target\":[\"https:\/\/www.gronlunds-orgelbyggeri.se\/en\/\"]}]},{\"@type\":\"BreadcrumbList\",\"@id\":\"https:\/\/www.gronlunds-orgelbyggeri.se\/en\/#breadcrumb\",\"itemListElement\":[{\"@type\":\"ListItem\",\"position\":1,\"name\":\"Hem\",\"item\":\"https:\/\/www.gronlunds-orgelbyggeri.se\/en\/\"},{\"@type\":\"ListItem\",\"position\":2,\"name\":\"Welcome to Gr\u00f6nlunds Orgelbyggeri\"}]},{\"@type\":\"WebSite\",\"@id\":\"https:\/\/www.gronlunds-orgelbyggeri.se\/#website\",\"url\":\"https:\/\/www.gronlunds-orgelbyggeri.se\/\",\"name\":\"Gr\u00f6nlunds Orgelbyggeri\",\"description\":\"Just another WordPress site\",\"potentialAction\":[{\"@type\":\"SearchAction\",\"target\":{\"@type\":\"EntryPoint\",\"urlTemplate\":\"https:\/\/www.gronlunds-orgelbyggeri.se\/?s={search_term_string}\"},\"query-input\":{\"@type\":\"PropertyValueSpecification\",\"valueRequired\":true,\"valueName\":\"search_term_string\"}}],\"inLanguage\":\"en-US\"}]}<\/script>\n<!-- \/ Yoast SEO plugin. -->","yoast_head_json":{"title":"Welcome to Gr\u00f6nlunds Orgelbyggeri - Gr\u00f6nlunds Orgelbyggeri","robots":{"index":"index","follow":"follow","max-snippet":"max-snippet:-1","max-image-preview":"max-image-preview:large","max-video-preview":"max-video-preview:-1"},"canonical":"https:\/\/www.gronlunds-orgelbyggeri.se\/en\/","og_locale":"en_US","og_type":"article","og_title":"Welcome to Gr\u00f6nlunds Orgelbyggeri - Gr\u00f6nlunds Orgelbyggeri","og_description":"Gr\u00f6nlunds orgelbyggeri i Gammelstad AB creates their organs from solid wood and metal. We have\u00a0experience\u00a0from different periods of organ building, to be part of the creation\u00a0of music for the eye, ear and the soul. We are highly passionate about our &hellip; Continued","og_url":"https:\/\/www.gronlunds-orgelbyggeri.se\/en\/","og_site_name":"Gr\u00f6nlunds Orgelbyggeri","article_modified_time":"2019-03-04T14:36:44+00:00","twitter_card":"summary_large_image","schema":{"@context":"https:\/\/schema.org","@graph":[{"@type":"WebPage","@id":"https:\/\/www.gronlunds-orgelbyggeri.se\/en\/","url":"https:\/\/www.gronlunds-orgelbyggeri.se\/en\/","name":"Welcome to Gr\u00f6nlunds Orgelbyggeri - Gr\u00f6nlunds Orgelbyggeri","isPartOf":{"@id":"https:\/\/www.gronlunds-orgelbyggeri.se\/#website"},"datePublished":"2015-08-14T10:15:05+00:00","dateModified":"2019-03-04T14:36:44+00:00","breadcrumb":{"@id":"https:\/\/www.gronlunds-orgelbyggeri.se\/en\/#breadcrumb"},"inLanguage":"en-US","potentialAction":[{"@type":"ReadAction","target":["https:\/\/www.gronlunds-orgelbyggeri.se\/en\/"]}]},{"@type":"BreadcrumbList","@id":"https:\/\/www.gronlunds-orgelbyggeri.se\/en\/#breadcrumb","itemListElement":[{"@type":"ListItem","position":1,"name":"Hem","item":"https:\/\/www.gronlunds-orgelbyggeri.se\/en\/"},{"@type":"ListItem","position":2,"name":"Welcome to Gr\u00f6nlunds Orgelbyggeri"}]},{"@type":"WebSite","@id":"https:\/\/www.gronlunds-orgelbyggeri.se\/#website","url":"https:\/\/www.gronlunds-orgelbyggeri.se\/","name":"Gr\u00f6nlunds Orgelbyggeri","description":"Just another WordPress site","potentialAction":[{"@type":"SearchAction","target":{"@type":"EntryPoint","urlTemplate":"https:\/\/www.gronlunds-orgelbyggeri.se\/?s={search_term_string}"},"query-input":{"@type":"PropertyValueSpecification","valueRequired":true,"valueName":"search_term_string"}}],"inLanguage":"en-US"}]}},"_links":{"self":[{"href":"https:\/\/www.gronlunds-orgelbyggeri.se\/en\/wp-json\/wp\/v2\/pages\/93","targetHints":{"allow":["GET"]}}],"collection":[{"href":"https:\/\/www.gronlunds-orgelbyggeri.se\/en\/wp-json\/wp\/v2\/pages"}],"about":[{"href":"https:\/\/www.gronlunds-orgelbyggeri.se\/en\/wp-json\/wp\/v2\/types\/page"}],"author":[{"embeddable":true,"href":"https:\/\/www.gronlunds-orgelbyggeri.se\/en\/wp-json\/wp\/v2\/users\/1"}],"replies":[{"embeddable":true,"href":"https:\/\/www.gronlunds-orgelbyggeri.se\/en\/wp-json\/wp\/v2\/comments?post=93"}],"version-history":[{"count":0,"href":"https:\/\/www.gronlunds-orgelbyggeri.se\/en\/wp-json\/wp\/v2\/pages\/93\/revisions"}],"wp:attachment":[{"href":"https:\/\/www.gronlunds-orgelbyggeri.se\/en\/wp-json\/wp\/v2\/media?parent=93"}],"curies":[{"name":"wp","href":"https:\/\/api.w.org\/{rel}","templated":true}]}}